{"id":857,"date":"2019-03-08T16:44:32","date_gmt":"2019-03-08T16:44:32","guid":{"rendered":"http:\/\/tangojam.de\/?page_id=857"},"modified":"2026-01-04T14:17:05","modified_gmt":"2026-01-04T14:17:05","slug":"konzerte-milongas-mit-live-musik","status":"publish","type":"page","link":"https:\/\/tangojam.de\/","title":{"rendered":"Aktuelles"},"content":{"rendered":"<h1>9.1. Bandoneo im Jazzhaus Heidelberg<\/h1>\n<p><a href=\"https:\/\/bandoneo.de\/\">Bandoneo.de<\/a><\/p>\n<p><a href=\"https:\/\/www.eventim-light.com\/de\/a\/679cfe7063e4dc3047988063\/e\/68dba42c2d356146d95d8672\">Tickets gibt es hier<\/a><\/p>\n<div id=\"special\" class=\"elementor-element elementor-element-48ce6104 elementor-position-left special elementor-view-default elementor-mobile-position-top elementor-widget elementor-widget-icon-box\" data-id=\"48ce6104\" data-element_type=\"widget\" data-widget_type=\"icon-box.default\">\n<div class=\"elementor-widget-container\">\n<div class=\"elementor-icon-box-wrapper\">\n<div class=\"elementor-icon-box-content\">\n<p class=\"elementor-icon-box-title\"><a href=\"tel:+4962214332040%20\">06221 433 20 40 <\/a><a class=\"mail-link\" style=\"font-size: 1rem; font-family: Dosis, sans-serif; font-weight: 600;\" target=\"_blank\" data-enc-email=\"vasb[at]wnmmunhf-urvqryoret.qr\" data-wpel-link=\"ignore\"><span id=\"eeb-660543-152817\">info@jazzhaus-heidelberg.de<br \/>\n<\/span><\/a><a style=\"font-size: 1rem; font-family: Dosis, sans-serif; font-weight: 600;\" href=\"https:\/\/maps.google.com\/maps?ll=49.413063,8.713137&amp;z=17&amp;t=m&amp;hl=de&amp;gl=US&amp;mapclient=embed&amp;cid=7890107343866434996\" target=\"_blank\" rel=\"noopener\">Leyergasse 6, 69117 Heidelberg <\/a><span style=\"font-size: 1rem;\">Zugang \u00fcber den Hof der Kulturbrauerei<\/span><\/p>\n<\/div>\n<\/div>\n<\/div>\n<\/div>\n<p><a href=\"http:\/\/tangojam.de\/wp-content\/uploads\/2025\/12\/bandoneo.png\"><img loading=\"lazy\" decoding=\"async\" class=\"alignnone size-medium wp-image-1269\" src=\"http:\/\/tangojam.de\/wp-content\/uploads\/2025\/12\/bandoneo-300x300.png\" alt=\"\" width=\"300\" height=\"300\" srcset=\"https:\/\/tangojam.de\/wp-content\/uploads\/2025\/12\/bandoneo-300x300.png 300w, https:\/\/tangojam.de\/wp-content\/uploads\/2025\/12\/bandoneo-150x150.png 150w, https:\/\/tangojam.de\/wp-content\/uploads\/2025\/12\/bandoneo-100x100.png 100w, https:\/\/tangojam.de\/wp-content\/uploads\/2025\/12\/bandoneo.png 715w\" sizes=\"auto, (max-width: 300px) 100vw, 300px\" \/><\/a><\/p>\n<div class=\"h-global-transition-all h-heading style-272 style-local-6-c43 position-relative h-element\" data-colibri-id=\"6-c43\">\n<div class=\"h-heading__outer style-272 style-local-6-c43\">\n<h2 class=\"\">Tango Nuevo im Spannungsfeld<br \/>\nvon Jazz und Rock<\/h2>\n<\/div>\n<\/div>\n<div class=\"h-lead h-text h-text-component style-273 style-local-6-c44 position-relative h-element\" data-colibri-id=\"6-c44\">\n<div class=\"\">\n<p>Das Ensemble Bandoneo spielt eine eigenwillige Neuinterpretation des Tango Argentino. Statt nostalgischer Reproduktion steht die musikalische Auseinandersetzung im Vordergrund: Authentischer Tango Nuevo trifft auf improvisatorische Freiheit und elektrifizierte Klangwelten.<\/p>\n<p>Der Bandoneonist Norbert Kotzan, der sein Handwerk in den Orchestern von Buenos Aires erlernte, bildet das traditionelle Fundament des Quartetts. Doch dieses Fundament wird bewusst aufgebrochen und in einen neuen Kontext gestellt. Die Band verzichtet auf die im \u201eElectrotango\u201c \u00fcblichen Backing-Tracks und setzt stattdessen auf Interplay und live generierte Sounds.<\/p>\n<p>Gitarrist Jochen Seiterle nutzt sein Instrument als Klanglabor: Mit Effekten und einer stilistischen Bandbreite zwischen Django Reinhardt und Jimi Hendrix kontrastiert er die lyrische Dichte des Bandoneons. Rhythmisch getragen wird das Set von Tobias Stolz an den \u201eHybrid Drums\u201c \u2013 einer Kombination aus akustischem Schlagzeug und elektronischen Triggern \u2013 sowie von Bogdan Alexander, der in einer technisch anspruchsvollen Doppelrolle Piano und Bass-Synthesizer gleichzeitig bedient.<\/p>\n<p>Das Ergebnis ist eine Fusion, die Genregrenzen ignoriert. Mal sph\u00e4risch, mal druckvoll verzerrt, aber immer im direkten Dialog der Instrumente. Ein Abend f\u00fcr H\u00f6rer, die den Tango nicht als Museumsst\u00fcck, sondern als lebendiges Material f\u00fcr klangliche Experimente begreifen.<\/p>\n<hr \/>\n<\/div>\n<\/div>\n<h1>11.1.26 <a href=\"https:\/\/www.theater-baden-baden.de\/spielplan\/stueck\/alles-tango-oder-was\">Annette Postel und die Tango-Mafia &#8211; Theater Baden-Baden<\/a><\/h1>\n<h4><a href=\"http:\/\/tangojam.de\/wp-content\/uploads\/2025\/12\/tango_quadr_01-annette.jpg\"><img loading=\"lazy\" decoding=\"async\" class=\"alignnone size-medium wp-image-1267\" src=\"http:\/\/tangojam.de\/wp-content\/uploads\/2025\/12\/tango_quadr_01-annette-300x300.jpg\" alt=\"\" width=\"300\" height=\"300\" srcset=\"https:\/\/tangojam.de\/wp-content\/uploads\/2025\/12\/tango_quadr_01-annette-300x300.jpg 300w, https:\/\/tangojam.de\/wp-content\/uploads\/2025\/12\/tango_quadr_01-annette-150x150.jpg 150w, https:\/\/tangojam.de\/wp-content\/uploads\/2025\/12\/tango_quadr_01-annette-100x100.jpg 100w, https:\/\/tangojam.de\/wp-content\/uploads\/2025\/12\/tango_quadr_01-annette.jpg 400w\" sizes=\"auto, (max-width: 300px) 100vw, 300px\" \/><\/a><\/h4>\n<div class=\"txt_iangabe\">Das gabs noch nie:\u00a0<strong>deutscher Tango Argentino<\/strong>\u00a0\u2013 frech verf\u00fchrt: Annette Postel schl\u00fcpft in zwei kontr\u00e4re Figuren einer Tango-Veranstaltung: Im glamour\u00f6sen Musikgeschehen auf der Tango-B\u00fchne mit der\u00a0<strong><em>\u201eTangomafia\u201c<\/em><\/strong>, dem Bandoneonisten\u00a0<strong>Norbert Kotzan<\/strong>\u00a0(Bien Portenos) und dem Pianisten\u00a0<strong>Bobbi Fischer<\/strong>\u00a0(Tango Five), legt sie augenzwinkernde, eigene Texte auf argentinische Tangohits, \u2013 kommentiert von der pf\u00e4lzischen \u201e<em>Madame de Toilette<\/em>\u201c, in der ihre bekannte Comedy-Figur\u00a0<strong>Carmen\u00a0<\/strong>wiederzuerkennen ist und die sich mit Witz und Komik Gott und der Welt und den Niederungen der Frau-Mann-Beziehungen widmet. (In Argentinien ist ein Tangotanzabend ohne Klofrau undenkbar: sie wei\u00df alles und hat alles dabei\u2026)<br \/>\nAnnette Postel, vielfach ausgezeichnete Chanteuse, Musikparodistin und -kabarettistin und seit 15 Jahren Tangot\u00e4nzerin, holt nun diese emotionsgeladene Musik samt Tango-Tagebuch auf die B\u00fchne.<br \/>\nNorbert Kotzan und Bobbi Fischer geh\u00f6ren zu den bekanntesten Tangoinstrumentalisten Deutschlands und werden Ihnen zusammen mit \u201ela Postel\u201c alle gro\u00dfen Gef\u00fchle direkt unter die Haut spielen. Garantiert!<\/div>\n<p>&nbsp;<\/p>\n<div>Die Presse schw\u00e4rmt:<br \/>\n<strong>\u201egrandios \u2026zum Niederknien sch\u00f6n\u201c<\/strong>\u00a0<em>(BNN)<\/em><br \/>\n<strong>\u201ebegnadete S\u00e4ngerin, spr\u00fchendes Temperament, Humor und Wortwitz \u2026 herrlich!\u201c<\/strong><em>\u00a0(BT)<\/em><br \/>\n<strong>\u201eGewiefter B\u00fchnenprofi\u2026 freche Pointen\u2026 hochkar\u00e4tige Tangomafia\u201c<\/strong>\u00a0<em>(Die Rheinpfalz)<\/em><br \/>\n<strong>\u201eVollbad der Emotionen \u2026Augenschmaus \u2026 jede Menge Humor\u201c<\/strong>\u00a0<em>(Pforzheimer Zeitung)<\/em><br \/>\n<strong>\u201eUlknudel und Diva \u2026 exzellent\u201c<\/strong>\u00a0(<em>BNN Pforzheim)<\/em><\/div>\n<div>\n<hr \/>\n<\/div>\n<h1>15.1. Milonga im Klub_K &#8211; Karlstorbahnhof 20 Uhr<\/h1>\n<h3 class=\"wp-block-heading has-primary-color has-text-color has-link-color wp-elements-c66eeffbb413d775f02b4655a434ee39\"><a href=\"https:\/\/tangojam.de\/wp-content\/uploads\/2023\/05\/Klub-K-neues-LOGO-.jpg\"><img loading=\"lazy\" decoding=\"async\" class=\"alignnone size-medium wp-image-1194\" src=\"https:\/\/tangojam.de\/wp-content\/uploads\/2023\/05\/Klub-K-neues-LOGO--300x300.jpg\" alt=\"\" width=\"300\" height=\"300\" srcset=\"https:\/\/tangojam.de\/wp-content\/uploads\/2023\/05\/Klub-K-neues-LOGO--300x300.jpg 300w, https:\/\/tangojam.de\/wp-content\/uploads\/2023\/05\/Klub-K-neues-LOGO--150x150.jpg 150w, https:\/\/tangojam.de\/wp-content\/uploads\/2023\/05\/Klub-K-neues-LOGO--768x768.jpg 768w, https:\/\/tangojam.de\/wp-content\/uploads\/2023\/05\/Klub-K-neues-LOGO--170x170.jpg 170w, https:\/\/tangojam.de\/wp-content\/uploads\/2023\/05\/Klub-K-neues-LOGO-.jpg 938w\" sizes=\"auto, (max-width: 300px) 100vw, 300px\" \/><\/a><\/h3>\n<hr \/>\n<div>\n<h1 class=\"wp-block-heading has-primary-color has-text-color has-link-color wp-elements-c66eeffbb413d775f02b4655a434ee39\">29.1. Hemingway Lounge &#8211; Karlsruhe BarJazz live . Jochen Seiterle &amp; Norbert Kotzan<br \/>\n<a href=\"https:\/\/tangojam.de\/wp-content\/uploads\/2025\/12\/260129_HL_pic1_BJL_Seiterle_Kotzan_350.jpg\"><img loading=\"lazy\" decoding=\"async\" class=\"alignnone size-medium wp-image-1272\" src=\"https:\/\/tangojam.de\/wp-content\/uploads\/2025\/12\/260129_HL_pic1_BJL_Seiterle_Kotzan_350-300x300.jpg\" alt=\"\" width=\"300\" height=\"300\" srcset=\"https:\/\/tangojam.de\/wp-content\/uploads\/2025\/12\/260129_HL_pic1_BJL_Seiterle_Kotzan_350-300x300.jpg 300w, https:\/\/tangojam.de\/wp-content\/uploads\/2025\/12\/260129_HL_pic1_BJL_Seiterle_Kotzan_350-150x150.jpg 150w, https:\/\/tangojam.de\/wp-content\/uploads\/2025\/12\/260129_HL_pic1_BJL_Seiterle_Kotzan_350-100x100.jpg 100w, https:\/\/tangojam.de\/wp-content\/uploads\/2025\/12\/260129_HL_pic1_BJL_Seiterle_Kotzan_350.jpg 350w\" sizes=\"auto, (max-width: 300px) 100vw, 300px\" \/><\/a><\/h1>\n<p>BarJazz live am Donnerstag in der Hemingway Lounge: Bandoneon, Gitarre, Stimme und Live-Elektronik verschmelzen zu leidenschaftlichem Neotangojazz.<\/p>\n<p><strong>Datum:\u00a0<\/strong>Donnerstag, 29. Januar 2026<\/p>\n<p><strong>Uhrzeit:\u00a0<\/strong>19:30 \u2013 22:00<br \/>\n<strong>Preis:<\/strong> Eintritt frei<br \/>\n<strong>Ort:\u00a0<\/strong><a href=\"https:\/\/www.hemingwaylounge.de\/events\/barjazz-live-jochen-seiterle-norbert-kotzan-eintritt-frei\/\">Hemingway Lounge, Uhlandstr.26 . 76135 Karlsruhe<\/a><\/p>\n<\/div>\n<h4>Wenn Bandoneon und Gitarre auf Live-Elektronik treffen, entsteht in der Hemingway Lounge ein Klangraum voller Farben, W\u00e4rme und rhythmischer Spannung.\u00a0<a href=\"https:\/\/tangojam.de\/?page_id=383\">Norbert Kotzan<\/a>\u00a0und\u00a0<a href=\"https:\/\/www.youtube.com\/watch?v=H27Uz7yRByQ\">Jochen Seiterle<\/a>\u00a0widmen sich dem Tango aus frischer Perspektive und formen daraus ihren unverwechselbaren Neotangojazz.<br \/>\nFeinf\u00fchlig greifen sie musikalische Impulse des jeweils anderen auf, lassen Themen aufbl\u00fchen, verwerfen sie wieder und f\u00fchren sie in neue harmonische B\u00f6gen. Melancholische Linien schweben \u00fcber subtil pulsierenden Grooves, w\u00e4hrend sich improvisierte Dialoge zu dichten, atmosph\u00e4rischen Passagen verweben.<br \/>\nDer Abend verspricht eine intime, lebendige und doch tiefgr\u00fcndige Reise durch die Facetten einer leidenschaftlichen Musik.<\/h4>\n<hr \/>\n<h1>7.3. Eppstein &#8211; Sextetto Tango Flirteando &#8211; Talkirche<\/h1>\n<h4>h<a href=\"https:\/\/tangojam.de\/wp-content\/uploads\/2025\/12\/tango-flirteando-eppstein.png\"><img loading=\"lazy\" decoding=\"async\" class=\"alignnone size-medium wp-image-1274\" src=\"https:\/\/tangojam.de\/wp-content\/uploads\/2025\/12\/tango-flirteando-eppstein-212x300.png\" alt=\"\" width=\"212\" height=\"300\" srcset=\"https:\/\/tangojam.de\/wp-content\/uploads\/2025\/12\/tango-flirteando-eppstein-212x300.png 212w, https:\/\/tangojam.de\/wp-content\/uploads\/2025\/12\/tango-flirteando-eppstein-724x1024.png 724w, https:\/\/tangojam.de\/wp-content\/uploads\/2025\/12\/tango-flirteando-eppstein-768x1086.png 768w, https:\/\/tangojam.de\/wp-content\/uploads\/2025\/12\/tango-flirteando-eppstein-1086x1536.png 1086w, https:\/\/tangojam.de\/wp-content\/uploads\/2025\/12\/tango-flirteando-eppstein-1448x2048.png 1448w, https:\/\/tangojam.de\/wp-content\/uploads\/2025\/12\/tango-flirteando-eppstein.png 1587w\" sizes=\"auto, (max-width: 212px) 100vw, 212px\" \/><\/a><\/h4>\n<div class=\"markdown prose w-full break-words dark:prose-invert light\">\n<p><strong>Tango Flirteando: Tango auf h\u00f6chstem Niveau<\/strong><\/p>\n<\/div>\n<p>Tango Flirteando vereint Musiker aus Frankfurt, Heidelberg und Stuttgart, die den Tango mit Hingabe und Kreativit\u00e4t neu erfinden. Mit eigenen Kompositionen, stil\u00fcbergreifenden Bearbeitungen \u2013 von Bach bis Piazzolla \u2013 und authentischem Tango-Feeling begeistert das Ensemble auf jeder B\u00fchne. Leidenschaftlich, mitrei\u00dfend und \u00fcberraschend verbindet Tango Flirteando Tradition und Moderne und entf\u00fchrt in die faszinierende Welt des Tangos.<\/p>\n<p><strong>Tango Flirteando \u2013 Virtuosit\u00e4t trifft Leidenschaft<\/strong><\/p>\n<div class=\"markdown prose w-full break-words dark:prose-invert light\">\n<p><em>Tango Flirteando<\/em>\u00a0ist ein Tango-Sextett aus Frankfurt, das mit voller Hingabe den Tango in all seinen Facetten lebt. Die Profi-Musiker beeindrucken mit eigenen Arrangements, die selbst Bach-St\u00fccke in einen unwiderstehlichen Tango-Groove verwandeln. Ihre Musik \u00fcberschreitet stilistische Grenzen, bleibt aber stets dem authentischen Tango treu \u2013 feinf\u00fchlig, leidenschaftlich und mitrei\u00dfend.<\/p>\n<p>Neben klassischen Tangos und Piazzollas Tango Nuevo umfasst ihr Repertoire auch eigene Kompositionen, die speziell f\u00fcr das Ensemble geschrieben wurden und immer wieder f\u00fcr Begeisterung sorgen. Ob auf Milongas, in Konzerts\u00e4len, bei Wohnzimmerkonzerten oder auf Theaterb\u00fchnen \u2013\u00a0<em>Tango Flirteando<\/em>\u00a0entf\u00fchrt T\u00e4nzer und Zuh\u00f6rer gleicherma\u00dfen in die faszinierende Welt des Tangos.<\/p>\n<p>Mit ihrem gekonnten Crossover-Stil und der Kraft des Erz\u00e4hlens schaffen sie ein Konzerterlebnis, das tief ber\u00fchrt und lange nachklingt. Wenn gelegentlich eine S\u00e4ngerin aus Stuttgart hinzukommt, verleiht sie den Auftritten eine besondere Note \u2013 doch das Herzst\u00fcck bleibt das Zusammenspiel des Sextetts, das jedes Mal aufs Neue begeistert.<\/p>\n<\/div>\n<table class=\"table\" data-focus=\"m-370\">\n<tbody data-focus=\"m-371\">\n<tr data-focus=\"m-420\">\n<td data-focus=\"m-421\">\n<p data-focus=\"m-422\"><span data-focus=\"m-423\"><strong data-focus=\"m-424\">Samstag,<\/strong><\/span><\/p>\n<p data-focus=\"m-425\"><span data-focus=\"m-426\"><strong data-focus=\"m-427\">07. M\u00e4rz 2026<\/strong><\/span><\/p>\n<\/td>\n<td data-focus=\"m-428\"><br data-focus=\"m-429\" \/><span data-focus=\"m-430\">18.00 Uhr<\/span><\/td>\n<td data-focus=\"m-431\">\n<p data-focus=\"m-432\"><span data-focus=\"m-433\"><strong data-focus=\"m-434\">Tango \u2013 Leidenschaft und Melancholie<\/strong><\/span><\/p>\n<p data-focus=\"m-435\"><span data-focus=\"m-436\">Tango-Sextett Flirteando<\/span><br data-focus=\"m-437\" \/><span data-focus=\"m-438\">Norbert Kotzan, Bandoneon<\/span><br data-focus=\"m-439\" \/><span data-focus=\"m-440\">Claudia Louise Weigand, Violine<\/span><br data-focus=\"m-441\" \/><span data-focus=\"m-442\">Bettina H\u00f6ger-Loesch, Fl\u00f6te<\/span><br data-focus=\"m-443\" \/><span data-focus=\"m-444\">Ruth Sarrazin, Cello<\/span><br data-focus=\"m-445\" \/><span data-focus=\"m-446\">Sebastian von Flotow, Kontrabass<\/span><br data-focus=\"m-447\" \/><span data-focus=\"m-448\">Judith Herrmann, Klavier<\/span><br data-focus=\"m-449\" \/><a href=\"http:\/\/www.tango-flirteando.de\/\" target=\"_blank\" rel=\"noopener noreferrer\" data-focus=\"m-450\"><span data-focus=\"m-451\">www.tango-flirteando.de<\/span><\/a><\/p>\n<\/td>\n<\/tr>\n<\/tbody>\n<\/table>\n<hr \/>\n<div>\n<h1>14.03.26 \u2013 20.00 Uhr \/ B\u00fcdingen<\/h1>\n<p><a href=\"https:\/\/tangojam.de\/wp-content\/uploads\/2025\/12\/Bildschirmfoto-2025-12-26-um-12.34.50.png\"><img loading=\"lazy\" decoding=\"async\" class=\"alignnone wp-image-1277 size-large\" src=\"https:\/\/tangojam.de\/wp-content\/uploads\/2025\/12\/Bildschirmfoto-2025-12-26-um-12.34.50-711x1024.png\" alt=\"\" width=\"525\" height=\"756\" srcset=\"https:\/\/tangojam.de\/wp-content\/uploads\/2025\/12\/Bildschirmfoto-2025-12-26-um-12.34.50-711x1024.png 711w, https:\/\/tangojam.de\/wp-content\/uploads\/2025\/12\/Bildschirmfoto-2025-12-26-um-12.34.50-208x300.png 208w, https:\/\/tangojam.de\/wp-content\/uploads\/2025\/12\/Bildschirmfoto-2025-12-26-um-12.34.50-768x1106.png 768w, https:\/\/tangojam.de\/wp-content\/uploads\/2025\/12\/Bildschirmfoto-2025-12-26-um-12.34.50-1067x1536.png 1067w, https:\/\/tangojam.de\/wp-content\/uploads\/2025\/12\/Bildschirmfoto-2025-12-26-um-12.34.50-1423x2048.png 1423w, https:\/\/tangojam.de\/wp-content\/uploads\/2025\/12\/Bildschirmfoto-2025-12-26-um-12.34.50.png 1424w\" sizes=\"auto, (max-width: 525px) 100vw, 525px\" \/><\/a><\/p>\n<h4><a href=\"https:\/\/www.muks-buedingen.de\/services-9-4\">\u201eMusik im Oberhof\u201c<\/a><\/h4>\n<hr \/>\n<h1>8.3.26 Reutlingen &#8211; Misa a Buenos Aires -Tangomesse<br \/>\n(Martin Palmeri)<\/h1>\n<p><a href=\"https:\/\/www.konzertchorreutlingen.de\/konzerte\/\">Link zur Veranstaltung<\/a><\/p>\n<p><strong>Termin<\/strong>: 08. M\u00e4rz 2026<br \/>\n<strong>Uhrzeit<\/strong>: 19 Uhr<\/p>\n<p><strong>Ort<\/strong>: Kreuzkirche Reutlingen<\/p>\n<ul>\n<li>KonzertChor Reutlingen<\/li>\n<li>Leitung: Martin K\u00fcnstner<\/li>\n<\/ul>\n<hr \/>\n<h1>15.3. Cuarteto Bien Porteno mit Jezebel &#8211; Cafemilonga Heidelberg<\/h1>\n<p><a href=\"http:\/\/bienporteno.de\">bienporteno.de<\/a><\/p>\n<hr \/>\n<h1>19.3. Milonga im Klub_K<\/h1>\n<hr \/>\n<h1>21.3. Orquesta Tipica Tango Marcando\u00a0 &#8211; Zwingenberg &#8211; Theater Mobile<\/h1>\n<p>&nbsp;<\/p>\n<hr \/>\n<h1>11.4. Karlsruhe &#8211; Tollhaus<\/h1>\n<p><a href=\"https:\/\/tangojam.de\/wp-content\/uploads\/2025\/12\/Plakat-Hollaneder-4.jpg\"><img loading=\"lazy\" decoding=\"async\" class=\"alignnone wp-image-1286 size-large\" src=\"https:\/\/tangojam.de\/wp-content\/uploads\/2025\/12\/Plakat-Hollaneder-4-675x1024.jpg\" alt=\"\" width=\"525\" height=\"796\" srcset=\"https:\/\/tangojam.de\/wp-content\/uploads\/2025\/12\/Plakat-Hollaneder-4-675x1024.jpg 675w, https:\/\/tangojam.de\/wp-content\/uploads\/2025\/12\/Plakat-Hollaneder-4-198x300.jpg 198w, https:\/\/tangojam.de\/wp-content\/uploads\/2025\/12\/Plakat-Hollaneder-4-768x1164.jpg 768w, https:\/\/tangojam.de\/wp-content\/uploads\/2025\/12\/Plakat-Hollaneder-4-1013x1536.jpg 1013w, https:\/\/tangojam.de\/wp-content\/uploads\/2025\/12\/Plakat-Hollaneder-4-1351x2048.jpg 1351w, https:\/\/tangojam.de\/wp-content\/uploads\/2025\/12\/Plakat-Hollaneder-4.jpg 1587w\" sizes=\"auto, (max-width: 525px) 100vw, 525px\" \/><\/a><\/p>\n<hr \/>\n<h1>16.4. &#8211; Milonga im Klub_K<\/h1>\n<hr \/>\n<h1>26.4. Orquesta Tipica Tango Marcando &#8211; Neckargem\u00fcnd<\/h1>\n<hr \/>\n<h1>30.4. Orquesta Tipica Tango Marcando &#8211; Tanz in den Mai &#8211; Darmstadt &#8211; Bessunger Knabenschule<\/h1>\n<hr \/>\n<p>&nbsp;<\/p>\n<\/div>\n","protected":false},"excerpt":{"rendered":"<p>9.1. Bandoneo im Jazzhaus Heidelberg Bandoneo.de Tickets gibt es hier 06221 433 20 40 info@jazzhaus-heidelberg.de Leyergasse 6, 69117 Heidelberg Zugang \u00fcber den Hof der Kulturbrauerei Tango Nuevo im Spannungsfeld von Jazz und Rock Das Ensemble Bandoneo spielt eine eigenwillige Neuinterpretation des Tango Argentino. Statt nostalgischer Reproduktion steht die musikalische Auseinandersetzung im Vordergrund: Authentischer Tango Nuevo &hellip; <\/p>\n<p class=\"link-more\"><a href=\"https:\/\/tangojam.de\/\" class=\"more-link\"><span class=\"screen-reader-text\">\u201eAktuelles\u201c<\/span> weiterlesen<\/a><\/p>\n","protected":false},"author":1,"featured_media":0,"parent":0,"menu_order":0,"comment_status":"closed","ping_status":"closed","template":"","meta":{"footnotes":""},"class_list":["post-857","page","type-page","status-publish","hentry"],"_links":{"self":[{"href":"https:\/\/tangojam.de\/index.php?rest_route=\/wp\/v2\/pages\/857","targetHints":{"allow":["GET"]}}],"collection":[{"href":"https:\/\/tangojam.de\/index.php?rest_route=\/wp\/v2\/pages"}],"about":[{"href":"https:\/\/tangojam.de\/index.php?rest_route=\/wp\/v2\/types\/page"}],"author":[{"embeddable":true,"href":"https:\/\/tangojam.de\/index.php?rest_route=\/wp\/v2\/users\/1"}],"replies":[{"embeddable":true,"href":"https:\/\/tangojam.de\/index.php?rest_route=%2Fwp%2Fv2%2Fcomments&post=857"}],"version-history":[{"count":73,"href":"https:\/\/tangojam.de\/index.php?rest_route=\/wp\/v2\/pages\/857\/revisions"}],"predecessor-version":[{"id":1013,"href":"https:\/\/tangojam.de\/index.php?rest_route=\/wp\/v2\/pages\/857\/revisions\/1013"}],"wp:attachment":[{"href":"https:\/\/tangojam.de\/index.php?rest_route=%2Fwp%2Fv2%2Fmedia&parent=857"}],"curies":[{"name":"wp","href":"https:\/\/api.w.org\/{rel}","templated":true}]}}