{"id":310,"date":"2017-05-15T20:18:53","date_gmt":"2017-05-15T20:18:53","guid":{"rendered":"http:\/\/melonga.duotango.de\/?page_id=31"},"modified":"2026-01-12T16:11:02","modified_gmt":"2026-01-12T16:11:02","slug":"milonga-im-klub_k-2","status":"publish","type":"page","link":"https:\/\/tangojam.de\/?page_id=310","title":{"rendered":"MILONGA im neuen Klub_K"},"content":{"rendered":"<p class=\"Body\">Tanzen zu den besten tanzbaren Non-Tangos und erlesenen traditionellen Tangos \u00a0(70\/30).<\/p>\n<p class=\"paragraph_style_3\">Die Milonga im Klub_k ist eine junge Milonga in Heidelberg in einem der coolsten Orte in Heidelberg.<\/p>\n<div class=\"xdj266r x11i5rnm xat24cr x1mh8g0r x1vvkbs\">Der neue Klub_K ist in der S\u00fcdstadt, hat einen Holzfu\u00dfboden und perfekten Sound.<\/div>\n<p>Milonga im KLUB_K<br \/>\n20h-24h<\/p>\n<div class=\"x11i5rnm xat24cr x1mh8g0r x1vvkbs xtlvy1s\">&#8211; in der Regel der 3. Donnerstag im Monat<br \/>\ngeplante Termine 2026 1.H\u00e4lfte<\/p>\n<p class=\"p1\">15.01.2026<\/p>\n<p class=\"p1\">19.02.2026<\/p>\n<p class=\"p1\">19.03.2026<\/p>\n<p class=\"p1\">16.04.2026<\/p>\n<p class=\"p1\">21.05.2026<\/p>\n<p class=\"p1\">18.06.2026<\/p>\n<p class=\"p1\">16.07.2026.<\/p>\n<\/div>\n<p><b>Kulturhaus Karlstorbahnhof<\/b><\/p>\n<div class=\"x11i5rnm xat24cr x1mh8g0r x1vvkbs xtlvy1s\">Marlene-Dietrich-Platz 3, 69126 Heidelberg<\/div>\n<div class=\"x11i5rnm xat24cr x1mh8g0r x1vvkbs xtlvy1s\"><a class=\"x1i10hfl xjbqb8w x6umtig x1b1mbwd xaqea5y xav7gou x9f619 x1ypdohk xt0psk2 xe8uvvx xdj266r x11i5rnm xat24cr x1mh8g0r xexx8yu x4uap5 x18d9i69 xkhd6sd x16tdsg8 x1hl2dhg xggy1nq x1a2a7pz xt0b8zv x1fey0fg\" tabindex=\"0\" role=\"link\" href=\"https:\/\/www.karlstorbahnhof.de\/anfahrt\/?fbclid=IwAR3yDT_VfbFe0dM4uInwNPJXge28CY57Ut2KkbgalGNZSo0rl56AFPuEhLI\" target=\"_blank\" rel=\"nofollow noopener noreferrer\">https:\/\/www.karlstorbahnhof.de\/anfahrt\/<\/a><br \/>\nParken im Bosseldorn oder Parkhaus P19 in der Nina-Simone-Stra\u00dfe 6 nutzen<\/div>\n<p><b><br \/>\n<\/b><img loading=\"lazy\" decoding=\"async\" class=\"alignnone size-full wp-image-1194\" src=\"http:\/\/tangojam.de\/wp-content\/uploads\/2023\/05\/Klub-K-neues-LOGO-.jpg\" alt=\"\" width=\"938\" height=\"938\" srcset=\"https:\/\/tangojam.de\/wp-content\/uploads\/2023\/05\/Klub-K-neues-LOGO-.jpg 938w, https:\/\/tangojam.de\/wp-content\/uploads\/2023\/05\/Klub-K-neues-LOGO--150x150.jpg 150w, https:\/\/tangojam.de\/wp-content\/uploads\/2023\/05\/Klub-K-neues-LOGO--300x300.jpg 300w, https:\/\/tangojam.de\/wp-content\/uploads\/2023\/05\/Klub-K-neues-LOGO--768x768.jpg 768w, https:\/\/tangojam.de\/wp-content\/uploads\/2023\/05\/Klub-K-neues-LOGO--170x170.jpg 170w\" sizes=\"auto, (max-width: 767px) 89vw, (max-width: 1000px) 54vw, (max-width: 1071px) 543px, 580px\" \/><\/p>\n<p>Wir werden hier und in unserem <a href=\"http:\/\/eepurl.com\/dvWs2H\" target=\"_blank\" rel=\"noopener noreferrer\">newsletter<\/a>\u00a0\u00fcber die n\u00e4chsten Termine, bzw. Termin\u00e4nderungen informieren. Hier kannst du dich in den <a href=\"http:\/\/eepurl.com\/dvWs2H\" target=\"_blank\" rel=\"noopener noreferrer\">newsletter<\/a> eintragen.<\/p>\n<p><img loading=\"lazy\" decoding=\"async\" class=\"alignnone size-large wp-image-1196\" src=\"http:\/\/tangojam.de\/wp-content\/uploads\/2023\/05\/klub-k-au\u00dfen-1024x423.jpeg\" alt=\"\" width=\"1024\" height=\"423\" srcset=\"https:\/\/tangojam.de\/wp-content\/uploads\/2023\/05\/klub-k-au\u00dfen.jpeg 1024w, https:\/\/tangojam.de\/wp-content\/uploads\/2023\/05\/klub-k-au\u00dfen-300x124.jpeg 300w, https:\/\/tangojam.de\/wp-content\/uploads\/2023\/05\/klub-k-au\u00dfen-768x317.jpeg 768w\" sizes=\"auto, (max-width: 767px) 89vw, (max-width: 1000px) 54vw, (max-width: 1071px) 543px, 580px\" \/><\/p>\n<p><img loading=\"lazy\" decoding=\"async\" class=\"alignnone size-large wp-image-1195\" src=\"http:\/\/tangojam.de\/wp-content\/uploads\/2023\/05\/Bildschirmfoto-2023-05-02-um-10.37.17-1024x701.png\" alt=\"\" width=\"1024\" height=\"701\" srcset=\"https:\/\/tangojam.de\/wp-content\/uploads\/2023\/05\/Bildschirmfoto-2023-05-02-um-10.37.17-1024x701.png 1024w, https:\/\/tangojam.de\/wp-content\/uploads\/2023\/05\/Bildschirmfoto-2023-05-02-um-10.37.17-300x205.png 300w, https:\/\/tangojam.de\/wp-content\/uploads\/2023\/05\/Bildschirmfoto-2023-05-02-um-10.37.17-768x526.png 768w, https:\/\/tangojam.de\/wp-content\/uploads\/2023\/05\/Bildschirmfoto-2023-05-02-um-10.37.17.png 1299w\" sizes=\"auto, (max-width: 767px) 89vw, (max-width: 1000px) 54vw, (max-width: 1071px) 543px, 580px\" \/><\/p>\n<p>&nbsp;<\/p>\n<p><img loading=\"lazy\" decoding=\"async\" class=\"alignnone size-large wp-image-1200\" src=\"http:\/\/tangojam.de\/wp-content\/uploads\/2023\/05\/Klub-k-logo-neu-1024x702.jpg\" alt=\"\" width=\"1024\" height=\"702\" srcset=\"https:\/\/tangojam.de\/wp-content\/uploads\/2023\/05\/Klub-k-logo-neu-1024x702.jpg 1024w, https:\/\/tangojam.de\/wp-content\/uploads\/2023\/05\/Klub-k-logo-neu-300x206.jpg 300w, https:\/\/tangojam.de\/wp-content\/uploads\/2023\/05\/Klub-k-logo-neu-768x527.jpg 768w\" sizes=\"auto, (max-width: 767px) 89vw, (max-width: 1000px) 54vw, (max-width: 1071px) 543px, 580px\" \/><\/p>\n<hr \/>\n<p>F\u00fcr Nostalgiker (der alte Klub_K) :<\/p>\n<p class=\"paragraph_style_2\"><a href=\"http:\/\/melonga.duotango.de\/wp-content\/uploads\/2015\/05\/DSC_1860.jpg\"><img loading=\"lazy\" decoding=\"async\" class=\"alignnone wp-image-63 \" src=\"http:\/\/tangojam.de\/wp-content\/uploads\/2015\/05\/DSC_1860-1024x683.jpg\" alt=\"DSC_1860\" width=\"749\" height=\"499\" srcset=\"https:\/\/tangojam.de\/wp-content\/uploads\/2015\/05\/DSC_1860-1024x683.jpg 1024w, https:\/\/tangojam.de\/wp-content\/uploads\/2015\/05\/DSC_1860-300x200.jpg 300w, https:\/\/tangojam.de\/wp-content\/uploads\/2015\/05\/DSC_1860.jpg 1500w\" sizes=\"auto, (max-width: 706px) 89vw, (max-width: 767px) 82vw, 740px\" \/><\/a><a href=\"http:\/\/melonga.duotango.de\/wp-content\/uploads\/2015\/05\/DSC_2019.jpg\"><img loading=\"lazy\" decoding=\"async\" class=\"alignnone wp-image-65 \" src=\"http:\/\/tangojam.de\/wp-content\/uploads\/2015\/05\/DSC_2019-1024x683.jpg\" alt=\"DSC_2019\" width=\"749\" height=\"500\" srcset=\"https:\/\/tangojam.de\/wp-content\/uploads\/2015\/05\/DSC_2019-1024x683.jpg 1024w, https:\/\/tangojam.de\/wp-content\/uploads\/2015\/05\/DSC_2019-300x200.jpg 300w, https:\/\/tangojam.de\/wp-content\/uploads\/2015\/05\/DSC_2019.jpg 1500w\" sizes=\"auto, (max-width: 706px) 89vw, (max-width: 767px) 82vw, 740px\" \/><\/a><\/p>\n<p class=\"paragraph_style_2\"><img loading=\"lazy\" decoding=\"async\" class=\"alignnone wp-image-64 \" src=\"http:\/\/tangojam.de\/wp-content\/uploads\/2015\/05\/DSC_1876-1024x683.jpg\" alt=\"DSC_1876\" width=\"748\" height=\"499\" srcset=\"https:\/\/tangojam.de\/wp-content\/uploads\/2015\/05\/DSC_1876-1024x683.jpg 1024w, https:\/\/tangojam.de\/wp-content\/uploads\/2015\/05\/DSC_1876-300x200.jpg 300w, https:\/\/tangojam.de\/wp-content\/uploads\/2015\/05\/DSC_1876.jpg 1500w\" sizes=\"auto, (max-width: 706px) 89vw, (max-width: 767px) 82vw, 740px\" \/><\/p>\n<p class=\"paragraph_style_3\"><a href=\"http:\/\/milonga.tangojam.de\/wp-content\/uploads\/2015\/05\/DSC_0211.jpg\"><img loading=\"lazy\" decoding=\"async\" class=\"alignnone wp-image-231 \" src=\"http:\/\/tangojam.de\/wp-content\/uploads\/2015\/05\/DSC_0211-1024x576.jpg\" alt=\"DSC_0211\" width=\"746\" height=\"420\" srcset=\"https:\/\/tangojam.de\/wp-content\/uploads\/2015\/05\/DSC_0211-1024x576.jpg 1024w, https:\/\/tangojam.de\/wp-content\/uploads\/2015\/05\/DSC_0211-300x169.jpg 300w\" sizes=\"auto, (max-width: 706px) 89vw, (max-width: 767px) 82vw, 740px\" \/><\/a><\/p>\n<p><script>\/\/ <![CDATA[ (function(i,s,o,g,r,a,m){i['GoogleAnalyticsObject']=r;i[r]=i[r]||function(){ (i[r].q=i[r].q||[]).push(arguments)},i[r].l=1*new Date();a=s.createElement(o), m=s.getElementsByTagName(o)[0];a.async=1;a.src=g;m.parentNode.insertBefore(a,m) })(window,document,'script','\/\/www.google-analytics.com\/analytics.js','ga'); ga('create', 'UA-72531485-1', 'auto'); ga('send', 'pageview'); \/\/ ]]><\/script><\/p>\n","protected":false},"excerpt":{"rendered":"<p>Tanzen zu den besten tanzbaren Non-Tangos und erlesenen traditionellen Tangos \u00a0(70\/30). Die Milonga im Klub_k ist eine junge Milonga in Heidelberg in einem der coolsten Orte in Heidelberg. Der neue Klub_K ist in der S\u00fcdstadt, hat einen Holzfu\u00dfboden und perfekten Sound. Milonga im KLUB_K 20h-24h &#8211; in der Regel der 3. Donnerstag im Monat geplante &hellip; <\/p>\n<p class=\"link-more\"><a href=\"https:\/\/tangojam.de\/?page_id=310\" class=\"more-link\"><span class=\"screen-reader-text\">\u201eMILONGA im neuen Klub_K\u201c<\/span> weiterlesen<\/a><\/p>\n","protected":false},"author":1,"featured_media":32,"parent":0,"menu_order":0,"comment_status":"closed","ping_status":"closed","template":"","meta":{"footnotes":""},"class_list":["post-310","page","type-page","status-publish","has-post-thumbnail","hentry"],"_links":{"self":[{"href":"https:\/\/tangojam.de\/index.php?rest_route=\/wp\/v2\/pages\/310","targetHints":{"allow":["GET"]}}],"collection":[{"href":"https:\/\/tangojam.de\/index.php?rest_route=\/wp\/v2\/pages"}],"about":[{"href":"https:\/\/tangojam.de\/index.php?rest_route=\/wp\/v2\/types\/page"}],"author":[{"embeddable":true,"href":"https:\/\/tangojam.de\/index.php?rest_route=\/wp\/v2\/users\/1"}],"replies":[{"embeddable":true,"href":"https:\/\/tangojam.de\/index.php?rest_route=%2Fwp%2Fv2%2Fcomments&post=310"}],"version-history":[{"count":43,"href":"https:\/\/tangojam.de\/index.php?rest_route=\/wp\/v2\/pages\/310\/revisions"}],"predecessor-version":[{"id":1293,"href":"https:\/\/tangojam.de\/index.php?rest_route=\/wp\/v2\/pages\/310\/revisions\/1293"}],"wp:featuredmedia":[{"embeddable":true,"href":"https:\/\/tangojam.de\/index.php?rest_route=\/wp\/v2\/media\/32"}],"wp:attachment":[{"href":"https:\/\/tangojam.de\/index.php?rest_route=%2Fwp%2Fv2%2Fmedia&parent=310"}],"curies":[{"name":"wp","href":"https:\/\/api.w.org\/{rel}","templated":true}]}}